{"id":5441,"date":"2023-10-06T03:03:43","date_gmt":"2023-10-06T01:03:43","guid":{"rendered":"https:\/\/zms.lu\/?page_id=5441"},"modified":"2023-10-06T03:03:45","modified_gmt":"2023-10-06T01:03:45","slug":"automatik-getriebespuelung","status":"publish","type":"page","link":"https:\/\/zms.lu\/?page_id=5441","title":{"rendered":"Automatik-Getriebesp\u00fclung"},"content":{"rendered":"<div  class=\"tatsu-hil9a4c5li6oxi18 tatsu-section  tatsu-bg-overlay   tatsu-clearfix\" data-title=\"\"  data-headerscheme=\"background--dark\"><div class='tatsu-section-pad clearfix' data-padding='{\"d\":\"100px 0px 60px 0px\"}' data-padding-top='100px'><div class=\"tatsu-row-wrap  tatsu-wrap tatsu-row-one-col tatsu-row-has-one-cols tatsu-medium-gutter tatsu-reg-cols  tatsu-clearfix tatsu-hil9a4c5nufnl3vj\" ><div  class=\"tatsu-row \" ><div  class=\"tatsu-column  tatsu-column-no-bg tatsu-one-col tatsu-column-image-none tatsu-column-effect-none  tatsu-hil9a4c5pzeko6rh\"  data-parallax-speed=\"0\" style=\"\"><div class=\"tatsu-column-inner \" ><div class=\"tatsu-column-pad-wrap\"><div class=\"tatsu-column-pad\" ><div  class=\"tatsu-module tatsu-inline-text clearfix tatsu-hil9a4c5rofd77zl   \" ><style>.tatsu-hil9a4c5rofd77zl .tatsu-inline-text-inner{width: 55%;text-align: left;}.tatsu-hil9a4c5rofd77zl.tatsu-inline-text{margin: 0px 0px 15px 0px ;}@media only screen and (min-width:768px) and (max-width: 1024px) {.tatsu-hil9a4c5rofd77zl .tatsu-inline-text-inner{width: 80%;}}@media only screen and (max-width: 767px) {.tatsu-hil9a4c5rofd77zl .tatsu-inline-text-inner{width: 100%;}}<\/style><div class=\"tatsu-inline-text-inner tatsu-align-center\">\n<h1 style=\"text-align: center;\"><span style=\"color: #ffffff;\">Automatik-Getriebesp&uuml;lung<\/span><\/h1>\n<\/div><\/div><div  class=\"tatsu-module tatsu-inline-text clearfix tatsu-hil9a4c5t8alqupb   \" ><style>.tatsu-hil9a4c5t8alqupb .tatsu-inline-text-inner{width: 40%;text-align: left;}@media only screen and (min-width:768px) and (max-width: 1024px) {.tatsu-hil9a4c5t8alqupb .tatsu-inline-text-inner{width: 80%;}}@media only screen and (max-width: 767px) {.tatsu-hil9a4c5t8alqupb .tatsu-inline-text-inner{width: 100%;}}<\/style><div class=\"tatsu-inline-text-inner tatsu-align-center\">\n<p style=\"text-align: center;\"><span style=\"color: #ffffff; font-size: 18px; line-height: 32px;\">Geschmeidig und Schadenfrei Automatik fahren<\/span><\/p>\n<\/div><\/div><\/div><\/div><div class = \"tatsu-column-bg-image-wrap\"><div class = \"tatsu-column-bg-image tatsu-bg-lazyload\" data-src = \"\"><\/div><\/div><\/div><style>.tatsu-row > .tatsu-hil9a4c5pzeko6rh.tatsu-column{width: 100%;}.tatsu-hil9a4c5pzeko6rh.tatsu-column > .tatsu-column-inner > .tatsu-column-overlay{mix-blend-mode: none;}.tatsu-hil9a4c5pzeko6rh > .tatsu-column-inner > .tatsu-top-divider{z-index: 9999;}.tatsu-hil9a4c5pzeko6rh > .tatsu-column-inner > .tatsu-bottom-divider{z-index: 9999;}.tatsu-hil9a4c5pzeko6rh > .tatsu-column-inner > .tatsu-left-divider{z-index: 9999;}.tatsu-hil9a4c5pzeko6rh > .tatsu-column-inner > .tatsu-right-divider{z-index: 9999;}@media only screen and (max-width:1377px) {.tatsu-row > .tatsu-hil9a4c5pzeko6rh.tatsu-column{width: 100%;}}@media only screen and (min-width:768px) and (max-width: 1024px) {.tatsu-row > .tatsu-hil9a4c5pzeko6rh.tatsu-column{width: 100%;}}@media only screen and (max-width: 767px) {.tatsu-row > .tatsu-hil9a4c5pzeko6rh.tatsu-column{width: 100%;}}<\/style><\/div><\/div><\/div><\/div><div class=\"tatsu-section-background-wrap\"><div class = \"tatsu-section-background tatsu-bg-lazyload\" data-src = \"\"><\/div><\/div><div class=\"tatsu-overlay tatsu-section-overlay\"><\/div><div class = \"tatsu-shape-divider tatsu-bottom-divider\"><svg preserveAspectRatio = \"none\" xmlns=\"http:\/\/www.w3.org\/2000\/svg\" width=\"1920\" height=\"217\" viewBox=\"0 0 1920 217\">\n  <g fill-rule=\"evenodd\" transform=\"matrix(-1 0 0 1 1920 0)\">\n    <path d=\"M0,57.46875 C203.364583,135.217754 494.835938,156.564108 874.414062,121.507813 C1192.61198,-13.9827666 1541.14063,-35.3291208 1920,57.46875 L1920,207 L0,207 L0,57.46875 Z\" opacity=\".3\"\/>\n    <path d=\"M0,79 C292.46875,165.453125 612.46875,165.453125 960,79 C1307.53125,-7.453125 1627.53125,-7.453125 1920,79 L1920,207 L0,207 L0,79 Z\" opacity=\".6\"\/>\n    <path d=\"M0,89 C288.713542,146.786458 608.713542,146.786458 960,89 C1311.28646,31.2135417 1631.28646,31.2135417 1920,89 L1920,217 L0,217 L0,89 Z\"\/>\n  <\/g>\n<\/svg>\n<\/div><style>.tatsu-hil9a4c5li6oxi18 .tatsu-section-pad{padding: 100px 0px 60px 0px;}.tatsu-hil9a4c5li6oxi18 > .tatsu-bottom-divider{height: 100px;color: #ffffff ;z-index: 9999;}.tatsu-hil9a4c5li6oxi18 > .tatsu-top-divider{z-index: 9999;}.tatsu-hil9a4c5li6oxi18 .tatsu-section-overlay{background: rgba(49,50,51,1);mix-blend-mode: normal;}<\/style><\/div><div  class=\"tatsu-Bk-QC2anxa tatsu-section  tatsu-bg-overlay   tatsu-clearfix\" data-title=\"\"  data-headerscheme=\"background--dark\"><div class='tatsu-section-pad clearfix' data-padding='{\"d\":\"42px 0px 80px 0px\"}' data-padding-top='42px'><div class=\"tatsu-row-wrap  tatsu-wrap tatsu-row-one-col tatsu-row-has-one-cols tatsu-medium-gutter tatsu-reg-cols  tatsu-clearfix tatsu-BkgmC2phxa\" ><div  class=\"tatsu-row \" ><div  class=\"tatsu-column  tatsu-bg-overlay tatsu-one-col tatsu-column-image-none tatsu-column-effect-none  tatsu-SJ70np2x6\"  data-parallax-speed=\"0\" style=\"\"><div class=\"tatsu-column-inner \" ><div class=\"tatsu-column-pad-wrap\"><div class=\"tatsu-column-pad\" ><div  class=\"tatsu-module tatsu-text-block-wrap tatsu-HJYJaanxa  \"><div class=\"tatsu-text-inner tatsu-align-center  clearfix\" ><style>.tatsu-HJYJaanxa.tatsu-text-block-wrap .tatsu-text-inner{width: 100%;text-align: left;}<\/style>\n<h2 style=\"margin-bottom: 10px; clear: none; color: #000000; font-variant-numeric: normal; font-variant-east-asian: normal; font-stretch: normal; font-size: 25px; line-height: 36px; font-family: Raleway, Helvetica, Arial, Verdana, sans-serif;\">Worum geht es?<\/h2>\n<p><span style=\"color: #000000; font-family: 'Open Sans', Helvetica, Arial, Verdana, sans-serif; font-size: 16px; background-color: #ffffff;\">Modernes \u00d6l muss nicht nur in Verbrennungsmotoren H\u00f6chstleistungen aufbringen sondern auch in Ihrem Automatikgetriebe.<\/span><\/p>\n<p><span style=\"color: #000000; font-family: 'Open Sans', Helvetica, Arial, Verdana, sans-serif; font-size: 16px; background-color: #ffffff;\">Die Leistung Ihres Motors wird ausschliesslich \u00fcber das \u00d6l an die Antriebsr\u00e4der \u00fcbertragen.<\/span><\/p>\n<p><span style=\"color: #000000; font-family: 'Open Sans', Helvetica, Arial, Verdana, sans-serif; font-size: 16px; background-color: #ffffff;\">Die meisten Besitzer von Automatik-Fahrzeugen denken nicht an den Wechsel vom Automatik\u00f6l oder Getriebefilter.<br \/>\nFrei nach dem Motto, solange der Wagen l\u00e4uft, wird gefahren.<\/span><\/p>\n<p><span style=\"color: #0c0d0d;\">Gr\u00fcnde daf\u00fcr sind unter anderem, dass die Fahrzeughersteller, keine \u00d6lwechsel vorschreiben, da eine \u201eLonglife\u201c oder \u201eLebenslange\u201c \u00d6lf\u00fcllung im Getriebe ist und es somit ein Autoleben lang \u201eWartungsfrei\u201c ist.<\/span><\/p>\n<p><span style=\"color: #000000; font-family: 'Open Sans', Helvetica, Arial, Verdana, sans-serif; font-size: 16px; background-color: #ffffff;\">Ein Autoleben liegt bei einigen Fahrzeugherstellern per Definition, jedoch nur in einem Bereich von 150-180.000km.<\/span><\/p>\n<p><span style=\"color: #070707;\">Viele Autofahrer m\u00f6chten Ihr Fahrzeug jedoch l\u00e4nger fahren und Freude damit haben.<\/span><\/p>\n<\/div><\/div><div  class=\"tatsu-empty-space  tatsu-BJ8dnC3l6  \" ><style>.tatsu-BJ8dnC3l6.tatsu-empty-space{height: 30px;}<\/style><\/div><div  class=\"tatsu-module tatsu-text-block-wrap tatsu-rkaUh0hla  \"><div class=\"tatsu-text-inner tatsu-align-center  clearfix\" ><style>.tatsu-rkaUh0hla.tatsu-text-block-wrap .tatsu-text-inner{width: 100%;text-align: left;}<\/style>\n<h2 style=\"margin-bottom: 10px; clear: none; color: #000000; font-variant-numeric: normal; font-variant-east-asian: normal; font-stretch: normal; font-size: 25px; line-height: 36px; font-family: Raleway, Helvetica, Arial, Verdana, sans-serif;\">Wann ist eine Getriebesp\u00fclung f\u00e4llig? Vorsicht bei diesen Symptomen<\/h2>\n<p style=\"margin-bottom: 10px;\">Vor allem die steigende Komplexit\u00e4t im Getriebe, die Erh\u00f6hung der Ganganzahl mit verschiedenen Leistungsstufen und Getriebeabstimmungen verlangen modernen Automatikgetrieben einiges ab. Ein Automatikgetriebe arbeitet mechanisch, es entsteht Reibung, verschiedene Kupplungselemente und Bel\u00e4ge arbeiten zusammen. Hier entsteht normaler Materialabrieb (abrasiver Verschlei\u00df), den das Getriebe\u00f6l aufnimmt. Vor allem metallische Sp\u00e4ne setzten sich an den Bauteilen, im Getriebe\u00f6l und in der Getriebe\u00f6lwanne ab. Bei dauerhafter Verwendung des verunreinigten Getriebe\u00f6ls treten diverse Symptome rund um die Verschlechterung des Schaltverhaltens auf:<\/p>\n<ul class=\"tatsu-module tatsu-list tatsu-hen3ppncy7g52z16    tatsu-list-vertical-align-center tatsu-lists-icon\">\n<li class=\"tatsu-list-content tatsu-hen3ppnczi92lxzv   \">\n<div class=\"tatsu-list-icon-wrap\"><\/div>\n<div class=\"tatsu-list-inner\">\n<p>\u2705Ruckeln beim Schaltvorgang<\/p>\n<\/div>\n<\/li>\n<li class=\"tatsu-list-content tatsu-hen3ppnd0d9zcf78   \">\n<div class=\"tatsu-list-icon-wrap\"><\/div>\n<div class=\"tatsu-list-inner\">\n<p>\u2705G\u00e4nge werden hart eingelegt<\/p>\n<\/div>\n<\/li>\n<li class=\"tatsu-list-content tatsu-hen3ppnd18a08ruh   \">\n<div class=\"tatsu-list-icon-wrap\"><\/div>\n<div class=\"tatsu-list-inner\">\n<p>\u2705Versp\u00e4tetes Herabschalten<\/p>\n<\/div>\n<\/li>\n<li class=\"tatsu-list-content tatsu-hen3ppnd2d7o5o8z   \">\n<div class=\"tatsu-list-icon-wrap\"><\/div>\n<div class=\"tatsu-list-inner\">\n<p>\u2705Probleme mit Kickdown<\/p>\n<\/div>\n<\/li>\n<li class=\"tatsu-list-content tatsu-hen3ppnd3a59smdd   \">\n<div class=\"tatsu-list-icon-wrap\"><\/div>\n<div class=\"tatsu-list-inner\">\n<p>\u2705Schaltvorgang ist verz\u00f6gert\/verl\u00e4ngert<\/p>\n<\/div>\n<\/li>\n<li class=\"tatsu-list-content tatsu-hen3ppnd4d7m9xvu   \">\n<div class=\"tatsu-list-icon-wrap\"><\/div>\n<div class=\"tatsu-list-inner\">\n<p>\u2705Vibrationen und Brummen bei eingelegter Gangstufe<\/p>\n<\/div>\n<\/li>\n<\/ul>\n<div class=\"tatsu-module tatsu-inline-text clearfix tatsu-hen3ppnd58bzit08   \">\n<div class=\"tatsu-inline-text-inner tatsu-align-center\">\n<p><span style=\"color: #000000; font-family: 'Open Sans', Helvetica, Arial, Verdana, sans-serif; font-size: 16px; background-color: #ffffff;\">Treffen bei Ihnen ein oder mehrere Symptome zu? Dies sind deutliche Indizien f\u00fcr ein verbrauchtes und verschlissenes Getriebe\u00f6l. Damit sich das Schaltverhalten nicht weiterhin verschlechtert, ist sofort eine Getriebesp\u00fclung vorzunehmen. Ihr Automatikgetriebe schaltet aktuell noch weich und normal? Dann sollten die oben aufgef\u00fchrten Symptome durch eine vorzeitige Getriebesp\u00fclung vermieden werden \u2013 auch wenn der Fahrzeughersteller etwas anderes empfiehlt.<\/span><\/p>\n<\/div>\n<\/div>\n<\/div><\/div><\/div><\/div><div class = \"tatsu-column-bg-image-wrap\"><div class = \"tatsu-column-bg-image tatsu-bg-lazyload\" data-src = \"\"><\/div><\/div><div class=\"tatsu-overlay tatsu-column-overlay tatsu-animate-none\" ><\/div><\/div><style>.tatsu-row > .tatsu-SJ70np2x6.tatsu-column{width: 100%;}.tatsu-SJ70np2x6.tatsu-column > .tatsu-column-inner > .tatsu-column-overlay{mix-blend-mode: normal;}.tatsu-SJ70np2x6 > .tatsu-column-inner > .tatsu-top-divider{z-index: 9999;}.tatsu-SJ70np2x6 > .tatsu-column-inner > .tatsu-bottom-divider{z-index: 9999;}.tatsu-SJ70np2x6 > .tatsu-column-inner > .tatsu-left-divider{z-index: 9999;}.tatsu-SJ70np2x6 > .tatsu-column-inner > .tatsu-right-divider{z-index: 9999;}@media only screen and (max-width:1377px) {.tatsu-row > .tatsu-SJ70np2x6.tatsu-column{width: 100%;}}@media only screen and (min-width:768px) and (max-width: 1024px) {.tatsu-row > .tatsu-SJ70np2x6.tatsu-column{width: 100%;}}@media only screen and (max-width: 767px) {.tatsu-row > .tatsu-SJ70np2x6.tatsu-column{width: 100%;}}<\/style><\/div><\/div><\/div><\/div><div class=\"tatsu-section-background-wrap\"><div class = \"tatsu-section-background tatsu-bg-lazyload\" data-src = \"\"><\/div><\/div><div class=\"tatsu-overlay tatsu-section-overlay\"><\/div><style>.tatsu-Bk-QC2anxa .tatsu-section-pad{padding: 42px 0px 80px 0px;}.tatsu-Bk-QC2anxa .tatsu-section-offset-wrap{transform: translateY(-0px);}.tatsu-Bk-QC2anxa > .tatsu-bottom-divider{z-index: 9999;}.tatsu-Bk-QC2anxa > .tatsu-top-divider{z-index: 9999;}.tatsu-Bk-QC2anxa .tatsu-section-overlay{mix-blend-mode: normal;}<\/style><\/div>\n","protected":false},"excerpt":{"rendered":"<p><a href=\"https:\/\/zms.lu\/?page_id=5441\" class=\"exp-read-more exp-read-more-dots\">&#8230;<\/a><\/p>\n","protected":false},"author":1,"featured_media":0,"parent":0,"menu_order":0,"comment_status":"closed","ping_status":"closed","template":"","meta":{"footnotes":""},"class_list":["post-5441","page","type-page","status-publish","hentry"],"_links":{"self":[{"href":"https:\/\/zms.lu\/index.php?rest_route=\/wp\/v2\/pages\/5441","targetHints":{"allow":["GET"]}}],"collection":[{"href":"https:\/\/zms.lu\/index.php?rest_route=\/wp\/v2\/pages"}],"about":[{"href":"https:\/\/zms.lu\/index.php?rest_route=\/wp\/v2\/types\/page"}],"author":[{"embeddable":true,"href":"https:\/\/zms.lu\/index.php?rest_route=\/wp\/v2\/users\/1"}],"replies":[{"embeddable":true,"href":"https:\/\/zms.lu\/index.php?rest_route=%2Fwp%2Fv2%2Fcomments&post=5441"}],"version-history":[{"count":3,"href":"https:\/\/zms.lu\/index.php?rest_route=\/wp\/v2\/pages\/5441\/revisions"}],"predecessor-version":[{"id":5444,"href":"https:\/\/zms.lu\/index.php?rest_route=\/wp\/v2\/pages\/5441\/revisions\/5444"}],"wp:attachment":[{"href":"https:\/\/zms.lu\/index.php?rest_route=%2Fwp%2Fv2%2Fmedia&parent=5441"}],"curies":[{"name":"wp","href":"https:\/\/api.w.org\/{rel}","templated":true}]}}